{"id":2783,"date":"2020-09-07T14:44:18","date_gmt":"2020-09-07T21:44:18","guid":{"rendered":"https:\/\/www.ngx-mx.com\/clone-of-red-segura\/"},"modified":"2022-02-04T09:35:30","modified_gmt":"2022-02-04T16:35:30","slug":"red-segura-m","status":"publish","type":"page","link":"https:\/\/www.ngxnetworks.com\/en\/red-segura-m\/","title":{"rendered":"Red Segura"},"content":{"rendered":"<h1 style=\"text-align: center;\">&nbsp;NGX <span style=\"color: rgb(74, 173, 249);\">Red Segura<\/span><\/h1>\n<p style=\"text-align: center;\">Soluciones de seguridad y redes seguras<\/p>\n<p><span><img loading=\"lazy\" decoding=\"async\" alt=\"\" data-id=\"376\" data-init-width=\"105\" data-init-height=\"105\" title=\"NGX-red-segura\" src=\"https:\/\/www.ngxnetworks.com\/wp-content\/uploads\/2020\/07\/NGX-red-segura.png\" data-width=\"105\" data-height=\"105\" width=\"105\" height=\"105\"><\/span><\/p>\n<h2 style=\"text-align: left;\">NGX utiliza soluciones de seguridad comprobadas que proteger\u00e1n las redes y los datos de su empresa de ataques o accesos no autorizados.<\/h2>\n<p style=\"text-align: left;\">Mantenemos sus computadoras, servidores, redes y sistemas seguros reduciendo cualquier tiempo de inactividad y brindando la mejor seguridad.<\/p>\n<h2 style=\"text-align: center;\">Soluciones comprobadas<\/h2>\n<ul>\n<li style=\"\"><span style=\"\">Firewall Administrado<\/span><\/li>\n<li style=\"\"><span style=\"\">Switching &amp; Routing<\/span><\/li>\n<li style=\"\"><span style=\"\">SD-WAN<\/span><\/li>\n<\/ul>\n<ul>\n<li style=\"\"><span style=\"\">Wi-Fi Administrado<\/span><\/li>\n<li style=\"\"><span style=\"\">Email Security<\/span><\/li>\n<li style=\"\"><span style=\"\">Endpoint Security<\/span><\/li>\n<\/ul>\n<h3 style=\"text-align: center;\">Soluciones Integrales<\/h3>\n<p style=\"text-align: center;\">Protecci\u00f3n avanzada de firewall, filtrado de contenido, WiFi gestionado, protecci\u00f3n de punto final, protecci\u00f3n contra spam.<\/p>\n<h3 style=\"text-align: center;\">Libere Recursos de TI<\/h3>\n<p style=\"text-align: center;\">Libere sus recursos de TI y haga que se centren en iniciativas estrat\u00e9gicas de misi\u00f3n cr\u00edtica.<\/p>\n<h3 style=\"text-align: center;\">Aumente la Disponibilidad<\/h3>\n<p style=\"text-align: center;\">Aumente sus SLA con soporte proactivo, monitoreo, alertas y remediaci\u00f3n por parte de nuestro NOC.<\/p>\n<h2 style=\"color: rgb(248, 248, 248) !important; --tcb-applied-color:rgb(248, 248, 248)  !important;\">Soluciones de seguridad comprobadas<\/h2>\n<p style=\"text-align: left;\">Nuestras soluciones son inteligentes, escalables y hechas a la medida de cada cliente, tomando en cuenta su giro, tama\u00f1o, entorno y sus requerimientos particulares.<\/p>\n<\/p>\n<p><span><img loading=\"lazy\" decoding=\"async\" alt=\"\" data-id=\"552\" data-init-width=\"512\" data-init-height=\"512\" title=\"next-gen-firewall\" src=\"https:\/\/www.ngxnetworks.com\/wp-content\/uploads\/2020\/07\/next-gen-firewall.png\" data-width=\"64\" data-height=\"64\" style=\"\" width=\"64\" height=\"64\"><\/span><\/p>\n<h3 style=\"color: rgb(239, 246, 251) !important; --tcb-applied-color:rgb(239, 246, 251)  !important;\">Next Generation Firewall<\/h3>\n<p style=\"\">Las potentes tecnolog\u00edas de protecci\u00f3n de pr\u00f3xima generaci\u00f3n, como el aprendizaje profundo y la prevenci\u00f3n de intrusiones, mantienen a su organizaci\u00f3n segura.<\/p>\n<p><span><img loading=\"lazy\" decoding=\"async\" alt=\"\" data-id=\"571\" data-init-width=\"512\" data-init-height=\"512\" title=\"webfiltering\" src=\"https:\/\/www.ngxnetworks.com\/wp-content\/uploads\/2020\/07\/webfiltering.png\" data-width=\"64\" data-height=\"64\" style=\"\" width=\"64\" height=\"64\"><\/span><\/p>\n<h3 style=\"color: rgb(239, 246, 251) !important; --tcb-applied-color:rgb(239, 246, 251)  !important;\">Webfiltering<\/h3>\n<p style=\"\">Evite que los empleados visiten sitios web inseguros o improductivos con filtrado de contenido web.&nbsp;<\/p>\n<p><span><img loading=\"lazy\" decoding=\"async\" alt=\"\" data-id=\"577\" data-init-width=\"512\" data-init-height=\"512\" title=\"email-spam-protection\" src=\"https:\/\/www.ngxnetworks.com\/wp-content\/uploads\/2020\/07\/email-spam-protection.png\" data-width=\"64\" data-height=\"64\" style=\"\" width=\"64\" height=\"64\"><\/span><\/p>\n<h3 style=\"color: rgb(239, 246, 251) !important; --tcb-applied-color:rgb(239, 246, 251)  !important;\">Email and Spam Protection<\/h3>\n<p style=\"\">Protecci\u00f3n contra correo electr\u00f3nico no deseado, correo no deseado y correo no deseado: intercepte el contenido sospechoso del correo electr\u00f3nico y las URL, y bloquee los archivos adjuntos infectados.<\/p>\n<p><span><img loading=\"lazy\" decoding=\"async\" alt=\"\" data-id=\"582\" data-init-width=\"512\" data-init-height=\"512\" title=\"two-factor-authentication\" src=\"https:\/\/www.ngxnetworks.com\/wp-content\/uploads\/2020\/07\/two-factor-authentication.png\" data-width=\"64\" data-height=\"64\" style=\"\" width=\"64\" height=\"64\"><\/span><\/p>\n<h3 style=\"color: rgb(239, 246, 251) !important; --tcb-applied-color:rgb(239, 246, 251)  !important;\">Two Factor Authentication<\/h3>\n<p style=\"\">Verifique la identidad de todos los usuarios con una autenticaci\u00f3n eficaz y s\u00f3lida de dos factores antes de otorgar acceso a aplicaciones y recursos corporativos.<\/p>\n<p><span><img loading=\"lazy\" decoding=\"async\" alt=\"\" data-id=\"586\" data-init-width=\"512\" data-init-height=\"512\" title=\"endpoint-protection\" src=\"https:\/\/www.ngxnetworks.com\/wp-content\/uploads\/2020\/07\/endpoint-protection.png\" data-width=\"64\" data-height=\"64\" style=\"\" width=\"64\" height=\"64\"><\/span><\/p>\n<h3 style=\"color: rgb(239, 246, 251) !important; --tcb-applied-color:rgb(239, 246, 251)  !important;\">Endpoint Protection<\/h3>\n<p style=\"\"><span style=\"font-size: 16px;\">Evite que virus, gusanos, caballos de Troya y otros programas maliciosos infecten sus sistemas con nuestras soluciones de protecci\u00f3n de puntos finales.<\/span><\/p>\n<p><span><img loading=\"lazy\" decoding=\"async\" alt=\"\" data-id=\"589\" data-init-width=\"512\" data-init-height=\"512\" title=\"network-monitoring\" src=\"https:\/\/www.ngxnetworks.com\/wp-content\/uploads\/2020\/07\/network-monitoring.png\" data-width=\"64\" data-height=\"64\" style=\"\" width=\"64\" height=\"64\"><\/span><\/p>\n<h3 style=\"color: rgb(239, 246, 251) !important; --tcb-applied-color:rgb(239, 246, 251)  !important;\">Network Monitoring<\/h3>\n<p style=\"\">Nuestro SNOC monitorea activamente todos los sistemas, dispositivos, tr\u00e1fico y aplicaciones de su infraestructura de TI.<\/p>\n<h3>\u00bfDesea hablar con un Asesor Comercial?<\/h3>\n<p>__CONFIG_colors_palette__{&#8220;active_palette&#8221;:0,&#8221;config&#8221;:{&#8220;colors&#8221;:{&#8220;110d6&#8221;:{&#8220;name&#8221;:&#8221;Main Accent&#8221;,&#8221;parent&#8221;:-1}},&#8221;gradients&#8221;:[]},&#8221;palettes&#8221;:[{&#8220;name&#8221;:&#8221;Default Palette&#8221;,&#8221;value&#8221;:{&#8220;colors&#8221;:{&#8220;110d6&#8221;:{&#8220;val&#8221;:&#8221;var(0f4e6)&#8221;}},&#8221;gradients&#8221;:[]},&#8221;original&#8221;:{&#8220;colors&#8221;:{&#8220;110d6&#8221;:{&#8220;val&#8221;:&#8221;rgb(19, 114, 211)&#8221;,&#8221;hsl&#8221;:{&#8220;h&#8221;:210,&#8221;s&#8221;:0.83,&#8221;l&#8221;:0.45}}},&#8221;gradients&#8221;:[]}}]}__CONFIG_colors_palette__ <a href=\"https:\/\/www.ngxnetworks.com\/contactanos\/\" style=\"\" rel=\"nofollow\"><span style=\"\">    <\/span> <span style=\"\"><span style=\"\">SOLICITAR LLAMADA<\/span><\/span> <\/a>  __CONFIG_group_edit__{}__CONFIG_group_edit____CONFIG_local_colors__{&#8220;colors&#8221;:{},&#8221;gradients&#8221;:{}}__CONFIG_local_colors__<\/p>\n","protected":false},"excerpt":{"rendered":"<p>&nbsp;NGX Red Segura Soluciones de seguridad y redes seguras NGX utiliza soluciones de seguridad comprobadas que proteger\u00e1n las redes y los datos de su empresa de ataques o accesos no autorizados. Mantenemos sus computadoras, servidores, redes y sistemas seguros reduciendo cualquier tiempo de inactividad y brindando la mejor seguridad. Soluciones comprobadas Firewall Administrado Switching &amp; [&hellip;]<\/p>\n","protected":false},"author":1,"featured_media":0,"parent":0,"menu_order":0,"comment_status":"closed","ping_status":"closed","template":"","meta":{"footnotes":""},"class_list":["post-2783","page","type-page","status-publish","hentry","post-wrapper","thrv_wrapper"],"_links":{"self":[{"href":"https:\/\/www.ngxnetworks.com\/en\/wp-json\/wp\/v2\/pages\/2783","targetHints":{"allow":["GET"]}}],"collection":[{"href":"https:\/\/www.ngxnetworks.com\/en\/wp-json\/wp\/v2\/pages"}],"about":[{"href":"https:\/\/www.ngxnetworks.com\/en\/wp-json\/wp\/v2\/types\/page"}],"author":[{"embeddable":true,"href":"https:\/\/www.ngxnetworks.com\/en\/wp-json\/wp\/v2\/users\/1"}],"replies":[{"embeddable":true,"href":"https:\/\/www.ngxnetworks.com\/en\/wp-json\/wp\/v2\/comments?post=2783"}],"version-history":[{"count":3,"href":"https:\/\/www.ngxnetworks.com\/en\/wp-json\/wp\/v2\/pages\/2783\/revisions"}],"predecessor-version":[{"id":4634,"href":"https:\/\/www.ngxnetworks.com\/en\/wp-json\/wp\/v2\/pages\/2783\/revisions\/4634"}],"wp:attachment":[{"href":"https:\/\/www.ngxnetworks.com\/en\/wp-json\/wp\/v2\/media?parent=2783"}],"curies":[{"name":"wp","href":"https:\/\/api.w.org\/{rel}","templated":true}]}}