{"id":3041,"date":"2020-09-18T09:58:37","date_gmt":"2020-09-18T16:58:37","guid":{"rendered":"https:\/\/www.ngx-mx.com\/clone-of-carta-de-derechos-minimos\/"},"modified":"2025-11-03T15:37:20","modified_gmt":"2025-11-03T22:37:20","slug":"aviso-de-privacidad","status":"publish","type":"page","link":"https:\/\/www.ngxnetworks.com\/en\/aviso-de-privacidad\/","title":{"rendered":"Aviso de Privacidad"},"content":{"rendered":"<h1 style=\"\">AVISO DE PRIVACIDAD NETWORKING GROUP 10 SA DE CV<\/h1>\n<p>En cumplimiento a lo previsto en la Ley Federal de Protecci\u00f3n de Datos Personales en Posesi\u00f3n de los Particulares (en lo sucesivo \u201cla Ley\u201d), nos permitimos informarle lo siguiente:<strong>1. Identidad del Responsable <\/strong>NGX Networks, S. de R.L. de C.V., Networking Group 10 S.A. de C.V., NGX Tech Solutions, LLC y dem\u00e1s empresas filiales y subsidiarias del Grupo NGX Networks (en lo sucesivo \u201cLas Empresas\u201d) con domicilio ubicado en Ave. Obregon No. 86 Int. 218, Colonia Fundo Legal, Nogales, Sonora C.P. 84030 ser\u00e1n las responsables del uso y protecci\u00f3n de los datos personales que les sean proporcionados por las personas f\u00edsicas o morales a quien correspondan dichos datos (en lo sucesivo el Titular). <strong>2. Datos Personales <\/strong>El tratamiento de los datos personales del Titular que se han puesto a disposici\u00f3n de Las Empresas bajo cualquier forma o circunstancia, podr\u00e1 ser efectuado de conformidad con los presentes t\u00e9rminos y condiciones, por lo que desde este momento se entiende, que el Titular otorga su consentimiento para dicho tratamiento. Entendi\u00e9ndose por Datos Personales y por Datos Personales Sensibles lo siguiente: Datos Personales: Cualquier informaci\u00f3n concerniente a una persona f\u00edsica o moral identificada o identificable, incluyendo de manera enunciativa m\u00e1s no limitativa: (i) nombre completo o raz\u00f3n social, (ii) Registro Federal de Contribuyentes, (iii) Direcci\u00f3n, (iv) Colonia (v) Municipio, (vi) n\u00famero telef\u00f3nico, (vii) correo electr\u00f3nico, (viii) Ciudad y Estado de Residencia, (ix) C\u00f3digo Postal, (xi) Datos de Compra, entre otros. Datos Personales Sensibles: Aquellos datos personales que afecten a la esfera m\u00e1s \u00edntima de su titular, o cuya utilizaci\u00f3n indebida puedan dar origen a discriminaci\u00f3n o conlleve un riesgo grave para \u00e9ste. En particular, se consideran Datos Personales Sensibles aquellos que puedan revelar aspectos como origen racial o \u00e9tnico, estado de salud presente y futuro, informaci\u00f3n gen\u00e9tica, creencias religiosas, filos\u00f3ficas y morales, afiliaci\u00f3n sindical, opiniones pol\u00edticas, preferencia sexual, entre otros. Para las finalidades se\u00f1aladas en el presente aviso de privacidad, podemos recabar sus datos personales de distintas formas: cuando usted nos los proporciona directamente; cuando visita nuestro sitio de Internet o utiliza nuestros servicios en l\u00ednea, y cuando obtenemos informaci\u00f3n a trav\u00e9s de otras fuentes que est\u00e1n permitidas por la ley. <strong>3. Finalidad del Tratamiento de Datos <\/strong>La informaci\u00f3n de Datos Personales y\/o Datos Sensibles, que es recolectada por Las Empresas de manera directa del Titular con su pleno consentimiento, tendr\u00e1 el uso que en forma enunciativa pero no limitativa se describe a continuaci\u00f3n: i) identificarle, ii) ubicarle iii) comunicarle, iv) contactarse v) enviarle informaci\u00f3n, v) as\u00ed como su transmisi\u00f3n a terceros por cualquier medio que permita la ley. El uso de los Datos Personales y \/o Sensibles, tendr\u00e1n relaci\u00f3n directa con la relaci\u00f3n que usted tiene en su car\u00e1cter de Cliente.Los datos personales del Titular que sean solicitados por Las Empresas, bien sea por formato en papel o electr\u00f3nico, podr\u00e1n ser transferidos al cliente final (Equipo gerencial de sucursales, directores o cualquier persona involucrada con Las Empresas) con la \u00fanica finalidad de informarle sobre la solicitud hecha por el Titular. Para las finalidades antes mencionadas, Las Empresas requieren obtener los siguientes datos personales del Titular: nombre o raz\u00f3n social, direcci\u00f3n, correo electr\u00f3nico, n\u00famero de tel\u00e9fono, con el objetivo de: A.- Contar con la informaci\u00f3n necesaria del cliente para la atenci\u00f3n a sus solicitudes de servicios como informaci\u00f3n y\/o facturaci\u00f3n por medios electr\u00f3nicos. B.- Mejora del proceso comercial y mercadotecnia, lo cual incluye (i) Procurar un servicio eficiente y proveer una mejor atenci\u00f3n al usuario, as\u00ed como para mejorar su experiencia en el uso de ciertos productos y\/o servicios; (ii) Enviarle y presentarle bienes y\/o servicios que puedan resultar relevantes o atractivos, incluyendo su participaci\u00f3n en promociones, ofertas y campa\u00f1as de publicidad, propias o de terceros; (iii) Informar sobre cambios o nuevos productos o servicios que consideramos puedan ser de su inter\u00e9s; (iv) Dar cumplimiento a obligaciones legales; (v) Evaluar la calidad del servicio, o realizar estudios internos sobre h\u00e1bitos de consumo. Es responsabilidad del Titular de los Datos Personales, el garantizar que los Datos, facilitados a Las Empresas sean veraces y completos, y es responsable de comunicar a Las Empresas cualquier modificaci\u00f3n en los mismos a efecto de que se pueda cumplir con la obligaci\u00f3n de mantener la informaci\u00f3n actualizada. La temporalidad del manejo de los Datos Personales del Titular depender\u00e1 de la relaci\u00f3n que se tenga celebrada con Las Empresas, as\u00ed como de las obligaciones exigidas por la legislaci\u00f3n vigente y las autoridades competentes. En todos los casos la informaci\u00f3n ser\u00e1 guardada s\u00f3lo por el tiempo razonable.<\/p>\n<p><strong>4. Derechos para limitar el uso o divulgaci\u00f3n de los Datos Personales<\/strong>&nbsp;<\/p>\n<p>La informaci\u00f3n que sea entregada a Las Empresas, ser\u00e1 debidamente resguardada, conservada y protegida, con los medios tecnol\u00f3gicos y f\u00edsicos adecuados a efecto de que se impida su p\u00e9rdida, mal uso, alteraci\u00f3n, acceso no autorizado y robo. S\u00f3lo tendr\u00e1n acceso a la informaci\u00f3n aquellas personas autorizadas por Las Empresas ya sean empleados o socios de negocios, quienes han asumido el compromiso de mantener la informaci\u00f3n bajo un estricto orden de confidencialidad y seguridad; para ello los empleados firmaron un convenio de confidencialidad con La Empresa y socios de negocio han suscrito en los convenios y contratos una cl\u00e1usula donde se acuerda la confidencialidad de la informaci\u00f3n. <strong>5. Transferencia de Datos<\/strong>&nbsp;<\/p>\n<p>En caso de que los datos personales resguardados por Las Empresas sean requeridos por una autoridad de cualquier \u00edndole, ya sea por proceso legal, para responder a cualquier reclamo o acciones legales con motivo del cumplimiento de la relaci\u00f3n jur\u00eddica celebrada entre el Titular y La Empresa, o para proteger los derechos de Las Empresas o sus clientes y el p\u00fablico; estos datos se pondr\u00e1n a disposici\u00f3n de la autoridad dentro del estricto cumplimiento a la Ley. Esta transferencia se efectuar\u00e1 tomando las medidas razonables, necesarias y al alcance de Las Empresas para proteger los datos personales contra da\u00f1o, p\u00e9rdida, alteraci\u00f3n, destrucci\u00f3n o el uso, acceso o tratamiento no autorizado. El acceso a esta informaci\u00f3n se limita a las personas que deben de conocerla para cumplir con el objeto de su trabajo.<\/p>\n<p><strong>6. Medios para ejercer los Derechos ARCO<\/strong>&nbsp;<\/p>\n<p>El Titular de la informaci\u00f3n tendr\u00e1n derecho a solicitar el acceso, rectificaci\u00f3n, cancelaci\u00f3n u oposici\u00f3n de sus datos, mediante solicitud escrita dirigida al siguiente domicilio: en Ave. Obreg\u00f3n No. 86 Int. 218, Colonia Fundo Legal Nogales, Sonora de las 9:00 a las 17:00 horas o al correo electr\u00f3nico cuentas@ngxnetworks.comLas Empresas, dar\u00e1n respuesta a las solicitudes del Titular de la informaci\u00f3n, siempre y cuando no se actualice alguna de las excepciones contenidas en la Ley, y el solicitante cumpla con los requisitos contenidos en el art\u00edculo 29 de la Ley que se describen a continuaci\u00f3n: I. Se\u00f1alar el nombre del titular y domicilio u otro medio para comunicarle la respuesta a su solicitud; II. Los documentos que acrediten la identidad o, en su caso, la representaci\u00f3n legal del titular; III. La descripci\u00f3n clara y precisa de los datos personales respecto de los que se busca ejercer alguno de los derechos antes mencionados, y IV. Cualquier otro elemento o documento que facilite la localizaci\u00f3n de los datos personales, es decir, a qu\u00e9 \u00e1rea de La Empresa fueron proporcionados, la persona a qui\u00e9n fueron proporcionados o \u00e1rea de la empresa a la que pertenece la persona a la que se proporcionaron los datos. El Titular puede dejar de recibir mensajes de Las Empresas por tel\u00e9fono y\/o correo electr\u00f3nico a trav\u00e9s de una solicitud, enviando un correo electr\u00f3nico a cuentas@ngxnetworks.com. Tendremos un plazo m\u00e1ximo de 10 d\u00edas h\u00e1biles para atender su petici\u00f3n y le informaremos sobre la procedencia de la misma a trav\u00e9s de un correo electr\u00f3nico.<\/p>\n<p><strong>7. Consentimiento<\/strong>&nbsp;<\/p>\n<p>Con el presente Aviso de Privacidad, el Titular consiente t\u00e1citamente el uso de su informaci\u00f3n personal y queda debidamente informado de los datos que se recabaron de \u00e9l y con qu\u00e9 fines, aceptando los t\u00e9rminos contenidos que fueron elaborados en cumplimiento a la Ley Federal de Protecci\u00f3n de Datos Personales en Posesi\u00f3n de los Particulares.<\/p>\n<p><strong>8. Cambios al Aviso de Privacidad<\/strong>&nbsp;<\/p>\n<p>Las Empresas, se reservan el derecho a modificar la presente pol\u00edtica para adaptarla a novedades legislativas o jurisprudenciales, as\u00ed como a pr\u00e1cticas de la industria. En dichos supuestos, se anunciar\u00e1 en su p\u00e1gina <strong>www.ngxnetworks.com<\/strong> los cambios introducidos con razonable antelaci\u00f3n a su puesta en pr\u00e1ctica. La fecha de la \u00faltima actualizaci\u00f3n al presente aviso de privacidad: 09\/29\/2025. El presente Aviso de Privacidad, as\u00ed como el manejo en general de la Ley que hagan Las Empresas, se rige por la legislaci\u00f3n vigente y aplicable en los Estados Unidos Mexicanos, cualquier controversia que se suscite con motivo de su aplicaci\u00f3n deber\u00e1 ventilarse ante los \u00d3rganos Jurisdiccionales competentes en la ciudad de Nogales, Sonora.<\/p>\n<h3 style=\"text-align: left;\">\u00bfDeseas hablar con un asesor?<\/h3>\n","protected":false},"excerpt":{"rendered":"<p>AVISO DE PRIVACIDAD NETWORKING GROUP 10 SA DE CV En cumplimiento a lo previsto en la Ley Federal de Protecci\u00f3n de Datos Personales en Posesi\u00f3n de los Particulares (en lo sucesivo \u201cla Ley\u201d), nos permitimos informarle lo siguiente:1. Identidad del Responsable NGX Networks, S. de R.L. de C.V., Networking Group 10 S.A. de C.V., NGX [&hellip;]<\/p>\n","protected":false},"author":1,"featured_media":0,"parent":0,"menu_order":0,"comment_status":"closed","ping_status":"closed","template":"","meta":{"footnotes":"","tve_updated_post":"","tve_custom_css":"","tve_user_custom_css":"","tve_globals":{},"tcb2_ready":1,"tcb_editor_enabled":1,"tve_landing_page":"tcb2-blank-page","_tve_header":"107","_tve_footer":"3434"},"class_list":["post-3041","page","type-page","status-publish","hentry","post-wrapper","thrv_wrapper"],"_links":{"self":[{"href":"https:\/\/www.ngxnetworks.com\/en\/wp-json\/wp\/v2\/pages\/3041","targetHints":{"allow":["GET"]}}],"collection":[{"href":"https:\/\/www.ngxnetworks.com\/en\/wp-json\/wp\/v2\/pages"}],"about":[{"href":"https:\/\/www.ngxnetworks.com\/en\/wp-json\/wp\/v2\/types\/page"}],"author":[{"embeddable":true,"href":"https:\/\/www.ngxnetworks.com\/en\/wp-json\/wp\/v2\/users\/1"}],"replies":[{"embeddable":true,"href":"https:\/\/www.ngxnetworks.com\/en\/wp-json\/wp\/v2\/comments?post=3041"}],"version-history":[{"count":3,"href":"https:\/\/www.ngxnetworks.com\/en\/wp-json\/wp\/v2\/pages\/3041\/revisions"}],"predecessor-version":[{"id":5647,"href":"https:\/\/www.ngxnetworks.com\/en\/wp-json\/wp\/v2\/pages\/3041\/revisions\/5647"}],"wp:attachment":[{"href":"https:\/\/www.ngxnetworks.com\/en\/wp-json\/wp\/v2\/media?parent=3041"}],"curies":[{"name":"wp","href":"https:\/\/api.w.org\/{rel}","templated":true}]}}