{"id":713,"date":"2020-07-31T07:07:50","date_gmt":"2020-07-31T14:07:50","guid":{"rendered":"https:\/\/pd.ngx-cloud.com\/clone-of-servicios-administrados-ti\/"},"modified":"2022-01-26T15:34:56","modified_gmt":"2022-01-26T22:34:56","slug":"troncales-sip","status":"publish","type":"page","link":"https:\/\/www.ngxnetworks.com\/en\/troncales-sip\/","title":{"rendered":"Troncales SIP en M\u00e9xico"},"content":{"rendered":"<h1 style=\"text-align: center;\">NGX <span style=\"color: rgb(74, 173, 249);\">Troncales SIP<\/span><\/h1>\n<p style=\"text-align: center;\">Proveemos soluciones de telefon\u00eda SIP en la nube a la medida para tu empresa.<\/p>\n<p><span><img decoding=\"async\" alt=\"\" data-id=\"719\" width=\"105\" data-init-width=\"512\" height=\"105\" data-init-height=\"512\" title=\"voip\" src=\"https:\/\/www.ngxnetworks.com\/wp-content\/uploads\/2020\/07\/voip.png\" data-width=\"105\" data-height=\"105\" loading=\"lazy\"><\/span><\/p>\n<p style=\"text-align: left;\">Es tiempo de cambiar tu telefon\u00eda a una soluci\u00f3n 100% VoIP en la Nube. Nuestro servicio de Troncales SIP obtendr\u00e1s telefon\u00eda de alta calidad, alta redundancia, escalabilidad, portabilidad num\u00e9rica nacional e internacional, as\u00ed como entrega de n\u00fameros telef\u00f3nicos en m\u00e1s de 70+ ciudades en M\u00e9xico y m\u00e1s de 85+ Pa\u00edses en el mundo.<\/p>\n<h2 style=\"text-align: center;\">Contamos con cobertura extensa de DID&#8217;s<\/h2>\n<p style=\"text-align: left;\">Con NGX puede extender el alcance de atenci\u00f3n de su empresa con nuestros n\u00fameros virtuales. No hay l\u00edmites, puede contratar tantos n\u00fameros virtuales requiera y obtendra ahorros con las mejores tarifas en telefon\u00eda SIP.<\/p>\n<p style=\"text-align: left;\">\n<p><span><img decoding=\"async\" alt=\"\" data-id=\"841\" width=\"128\" data-init-width=\"500\" height=\"128\" data-init-height=\"500\" title=\"world-map1\" src=\"https:\/\/www.ngxnetworks.com\/wp-content\/uploads\/2020\/07\/world-map1.png\" data-width=\"128\" data-height=\"128\" style=\"\" loading=\"lazy\"><\/span><\/p>\n<h3 style=\"\">DID&#8217;s Internacionales<\/h3>\n<p><span><img decoding=\"async\" alt=\"\" data-id=\"835\" width=\"125\" data-init-width=\"500\" height=\"125\" data-init-height=\"500\" title=\"mexico-map1\" src=\"https:\/\/www.ngxnetworks.com\/wp-content\/uploads\/2020\/07\/mexico-map1.png\" data-width=\"125\" data-height=\"125\" style=\"\" loading=\"lazy\"><\/span><\/p>\n<h3 style=\"\">DID&#8217;s Mexico<\/h3>\n<p><span><img decoding=\"async\" alt=\"\" data-id=\"838\" width=\"125\" data-init-width=\"500\" height=\"125\" data-init-height=\"500\" title=\"usa-map1\" src=\"https:\/\/www.ngxnetworks.com\/wp-content\/uploads\/2020\/07\/usa-map1.png\" data-width=\"125\" data-height=\"125\" style=\"\" loading=\"lazy\"><\/span><\/p>\n<h3 style=\"\">DID&#8217;s USA<\/h3>\n<h2 style=\"text-align: center;\">Beneficios de NGX Troncales SIP<\/h2>\n<p><span><img decoding=\"async\" alt=\"\" data-id=\"731\" width=\"64\" data-init-width=\"512\" height=\"64\" data-init-height=\"512\" title=\"reduccion-de-costos\" src=\"https:\/\/www.ngxnetworks.com\/wp-content\/uploads\/2020\/07\/reduccion-de-costos.png\" data-width=\"64\" data-height=\"64\" style=\"\" loading=\"lazy\"><\/span><\/p>\n<h3 style=\"\">Reducci\u00f3n de Costos<\/h3>\n<p style=\"\">Elimina la necesidad de comprar equipos, tales como gateways de interface entre la voz IP y redes PSTN. Elimina la necesidad de conexiones PRI \/ E1, disminuyendo los costos de telefon\u00eda.<\/p>\n<p><span><img decoding=\"async\" alt=\"\" data-id=\"733\" width=\"64\" data-init-width=\"512\" height=\"64\" data-init-height=\"512\" title=\"cobertura\" src=\"https:\/\/www.ngxnetworks.com\/wp-content\/uploads\/2020\/07\/cobertura.png\" data-width=\"64\" data-height=\"64\" style=\"\" loading=\"lazy\"><\/span><\/p>\n<h3 style=\"\">Cobertura Extensa<\/h3>\n<p style=\"\">Permite establecer puntos de presencia en diferentes ciudades del mundo, para que las empresas pueden establecer un n\u00famero local en lugar de depender de un n\u00famero 800.<\/p>\n<p><span><img decoding=\"async\" alt=\"\" data-id=\"734\" width=\"64\" data-init-width=\"512\" height=\"64\" data-init-height=\"512\" title=\"servicios-en-la-nube\" src=\"https:\/\/www.ngxnetworks.com\/wp-content\/uploads\/2020\/07\/servicios-en-la-nube.png\" data-width=\"64\" data-height=\"64\" style=\"\" loading=\"lazy\"><\/span><\/p>\n<h3 style=\"\">Servicios en la Nube<\/h3>\n<p style=\"\">Permite establecer soluciones basadas en la Nube. Esto permite a las empresas contar con cierto grado de flexibilidad y escalabilidad en sus servicios de telecomunicaciones.<\/p>\n<p><span><img decoding=\"async\" alt=\"\" data-id=\"685\" width=\"64\" data-init-width=\"512\" height=\"64\" data-init-height=\"512\" title=\"soporte-tecnico\" src=\"https:\/\/www.ngxnetworks.com\/wp-content\/uploads\/2020\/07\/soporte-tecnico.png\" data-width=\"64\" data-height=\"64\" style=\"\" loading=\"lazy\"><\/span><\/p>\n<h3 style=\"\">Soporte 24&#215;7<\/h3>\n<p><span>Nuestro NOC se encarga del monitoreo de los servicios y esta disponible 24&#215;7 para atender tus solicitudes y configurar la troncal SIP 3CX.<\/span><\/p>\n<h2 dir=\"ltr\">\u00bfQu\u00e9 es una Troncal SIP?<\/h2>\n<p dir=\"ltr\">Si te est\u00e1s preguntando qu\u00e9 es una l\u00ednea Troncal SIP o simplemente qu\u00e9 es el SIP, &nbsp;es un servicio de telefon\u00eda cuya principal caracter\u00edstica es el funcionamiento sobre IP utilizando el protocolo SIP (Protocolo de Inicio de Sesi\u00f3n). Este protocolo permite a los usuarios iniciar sesi\u00f3n de manera interactiva utilizando una conexi\u00f3n a internet.<\/p>\n<p dir=\"ltr\">Las Troncales IP SIP permiten que la se\u00f1al de voz se transforme en un paquete de datos y llegue a destino utilizando una conexi\u00f3n a internet. Adicionalmente, una Troncal SIP puede enlazar el la telefon\u00eda basada en IP con la red de telefon\u00eda p\u00fablica.&nbsp;<\/p>\n<p dir=\"ltr\"><strong>En NGX Tech Solutions estamos para brindarte los mejores servicios de Troncales SIP en M\u00e9xico para tu empresa con precios bastante competitivos.<\/strong>&nbsp;<\/p>\n<h2>&nbsp;\u00bfC\u00f3mo Funciona una Troncal SIP?<\/h2>\n<p dir=\"ltr\">Una Troncal SIP funciona utilizando la telefon\u00eda IP. Para un correcto funcionamiento, nosotros, como proveedores de servicios VoIP, enlazamos la centralita a la red p\u00fablica de telefon\u00eda mediante a una&nbsp;<a href=\"https:\/\/www.ngxnetworks.com\/internet-empresarial\/\" style=\"outline: none;\">conexi\u00f3n a internet<\/a>.&nbsp;&nbsp;<\/p>\n<p dir=\"ltr\">Las llamadas que se realicen a extensiones dentro de la empresa no utilizan la Troncal SIP. Por otra parte, cuando se realiza una llamada a cualquier n\u00famero externo, nos encargamos de que tu llamada llegue a destino utilizando nuestra telefon\u00eda SIP por medio de la conexi\u00f3n a internet. &nbsp;<\/p>\n<h2>Troncales SIP vs Troncales Anal\u00f3gicas<\/h2>\n<p dir=\"ltr\">Si a\u00fan utilizas troncales anal\u00f3gicas, tal vez quieras considerar contratar una Troncal SIP. Las troncales anal\u00f3gicas conducen peligrosos voltajes y generalmente se ven afectadas cuando hay mal tiempo. Sin mencionar que pueden resultar bastante costosas.<\/p>\n<h3>Troncales SIP en la nube<\/h3>\n<p dir=\"ltr\">Por otra parte, las Troncales SIP est\u00e1n al frente del avance tecnol\u00f3gico. Poseen una velocidad mayor, ofrecen servicio en la nube, y eliminan la necesidad de comprar equipos costosos como gateways de interfaz, reduciendo as\u00ed los costos totales de telefon\u00eda. Te invitamos a <a href=\"https:\/\/www.ngxnetworks.com\/contactanos\/\" style=\"outline: none;\">conversar con un asesor<\/a> para solicitar tu servicio de Troncales SIP.&nbsp;<\/p>\n<p><strong><span style=\"color: var(ca1c1);\">S\u00f3lo necesitas una conexi\u00f3n a internet:&nbsp;&nbsp;<\/span><\/strong>Si a\u00fan no cuentas con una conexi\u00f3n a internet estable, prueba nuestro <a href=\"https:\/\/www.ngxnetworks.com\/\" target=\"_blank\" style=\"outline: none;\" data-keeper-edited=\"yes\" rel=\"noopener\">Servicio de Internet Empresarial<\/a> para empezar a disfrutar de una Troncal SIP en la nube para tu empresa.<\/p>\n<h2 style=\"text-align: center;\">Prueba nuestros servicios con las mejores tarifas<\/h2>\n<h3>Tarifas desde:<\/h3>\n<p>M\u00e9xico Fijo: $0.15 MXN\/min<\/p>\n<p>M\u00e9xico&nbsp;Celular: $0.35 MXN\/min<\/p>\n<p>USA: $0.45 MXN\/min<\/p>\n<p style=\"\"><span style=\"font-size: 13px;\">*Costos basados seg\u00fan consumo, sujetos a pol\u00edtica de uso justo.<\/span><\/p>\n<h3><\/h3>\n<h3>Planes ilimitados desde:<\/h3>\n<p>M\u00e9xico: $450 MXN\/Canal<\/p>\n<p>USA: $500 MXN\/Canal<\/p>\n<p style=\"\">*Costos basados seg\u00fan consumo, sujetos a pol\u00edtica de uso justo<\/p>\n<p style=\"\">\n<h3>Ponte en contacto con un asesor de ventas para conocer mas sobre nuestro servicio.<\/h3>\n<h3 style=\"text-align: center;\">Prueba Nuestro Servicio!<\/h3>\n<p style=\"text-align: center;\">Llena el siguiente formulario para provisionar tu servicio.<\/p>\n<h2 style=\"text-align: center;\">Contamos con cobertura en las principales Ciudades de M\u00e9xico<\/h2>\n<p>[table id=4 \/]<\/p>\n<h2 style=\"\">Preguntas frecuentes<\/h2>\n<h3>\u00bfDesea hablar con un Asesor Comercial?<\/h3>\n<p>__CONFIG_colors_palette__{&#8220;active_palette&#8221;:0,&#8221;config&#8221;:{&#8220;colors&#8221;:{&#8220;110d6&#8221;:{&#8220;name&#8221;:&#8221;Main Accent&#8221;,&#8221;parent&#8221;:-1}},&#8221;gradients&#8221;:[]},&#8221;palettes&#8221;:[{&#8220;name&#8221;:&#8221;Default Palette&#8221;,&#8221;value&#8221;:{&#8220;colors&#8221;:{&#8220;110d6&#8221;:{&#8220;val&#8221;:&#8221;var(0f4e6)&#8221;}},&#8221;gradients&#8221;:[]},&#8221;original&#8221;:{&#8220;colors&#8221;:{&#8220;110d6&#8221;:{&#8220;val&#8221;:&#8221;rgb(19, 114, 211)&#8221;,&#8221;hsl&#8221;:{&#8220;h&#8221;:210,&#8221;s&#8221;:0.83,&#8221;l&#8221;:0.45}}},&#8221;gradients&#8221;:[]}}]}__CONFIG_colors_palette__ <a href=\"https:\/\/www.ngxnetworks.com\/contactanos\/\" style=\"\" rel=\"nofollow\"><span style=\"\">    <\/span> <span style=\"\"><span style=\"\">SOLICITAR LLAMADA<\/span><\/span> <\/a>  __CONFIG_group_edit__{}__CONFIG_group_edit____CONFIG_local_colors__{&#8220;colors&#8221;:{},&#8221;gradients&#8221;:{}}__CONFIG_local_colors__<\/p>\n","protected":false},"excerpt":{"rendered":"<p>NGX Troncales SIP Proveemos soluciones de telefon\u00eda SIP en la nube a la medida para tu empresa. Es tiempo de cambiar tu telefon\u00eda a una soluci\u00f3n 100% VoIP en la Nube. Nuestro servicio de Troncales SIP obtendr\u00e1s telefon\u00eda de alta calidad, alta redundancia, escalabilidad, portabilidad num\u00e9rica nacional e internacional, as\u00ed como entrega de n\u00fameros telef\u00f3nicos [&hellip;]<\/p>\n","protected":false},"author":1,"featured_media":0,"parent":0,"menu_order":0,"comment_status":"closed","ping_status":"closed","template":"","meta":{"footnotes":"","tve_updated_post":"","tve_custom_css":"","tve_user_custom_css":"","tve_globals":{},"tcb2_ready":1,"tcb_editor_enabled":1,"tve_landing_page":"tcb2-blank-page","_tve_header":"107","_tve_footer":"3434"},"class_list":["post-713","page","type-page","status-publish","hentry","post-wrapper","thrv_wrapper"],"_links":{"self":[{"href":"https:\/\/www.ngxnetworks.com\/en\/wp-json\/wp\/v2\/pages\/713","targetHints":{"allow":["GET"]}}],"collection":[{"href":"https:\/\/www.ngxnetworks.com\/en\/wp-json\/wp\/v2\/pages"}],"about":[{"href":"https:\/\/www.ngxnetworks.com\/en\/wp-json\/wp\/v2\/types\/page"}],"author":[{"embeddable":true,"href":"https:\/\/www.ngxnetworks.com\/en\/wp-json\/wp\/v2\/users\/1"}],"replies":[{"embeddable":true,"href":"https:\/\/www.ngxnetworks.com\/en\/wp-json\/wp\/v2\/comments?post=713"}],"version-history":[{"count":0,"href":"https:\/\/www.ngxnetworks.com\/en\/wp-json\/wp\/v2\/pages\/713\/revisions"}],"wp:attachment":[{"href":"https:\/\/www.ngxnetworks.com\/en\/wp-json\/wp\/v2\/media?parent=713"}],"curies":[{"name":"wp","href":"https:\/\/api.w.org\/{rel}","templated":true}]}}